{"id":806,"date":"2020-06-16T13:20:55","date_gmt":"2020-06-16T11:20:55","guid":{"rendered":"https:\/\/huckel.pl\/?page_id=806"},"modified":"2020-06-16T13:20:56","modified_gmt":"2020-06-16T11:20:56","slug":"kontakt","status":"publish","type":"page","link":"https:\/\/huckel.pl\/pl\/kontakt\/","title":{"rendered":"Kontakt"},"content":{"rendered":"\n<h3 class=\"wp-block-heading\">Postal address<\/h3>\n\n\n\n<p>Wroclaw University of Science and Technology<br>Department of Physical and Quantum Chemistry<br>Wybrze\u017ce Wyspia\u0144skiego 27<br>50-370 Wroc\u0142aw, Poland<br>Fax: (+48) (0) 71 320 33 64<br><strong>VAT-ID:<\/strong> PL-896-000-58-51<br><strong>REGON:<\/strong> P-000001614-33000000-55-1-811-93009<\/p>\n\n\n\n<h3 class=\"wp-block-heading\">Location of the Department<\/h3>\n\n\n\n<p>Main campus A2 building, \u0141ukasiewicza 2, 50-371 Wroc\u0142aw<br>Main campus A3 building, Smoluchowskiego 23, 50-372 Wroc\u0142aw<\/p>\n\n\n\n<figure class=\"wp-block-image\"><a href=\"http:\/\/fermi.pwr.edu.pl\/wp-content\/uploads\/2015\/02\/att_mapa_kampus_pwr_2015_en.jpg\"><img decoding=\"async\" src=\"http:\/\/fermi.pwr.edu.pl\/wp-content\/uploads\/2015\/02\/att_mapa_kampus_pwr_2015_en-300x212.jpg\" alt=\"WUT campus map\" class=\"wp-image-182\"\/><\/a><\/figure>\n","protected":false},"excerpt":{"rendered":"<p>Postal address Wroclaw University of Science and TechnologyDepartment of Physical and Quantum ChemistryWybrze\u017ce Wyspia\u0144skiego 2750-370 Wroc\u0142aw, PolandFax: (+48) (0) 71 320 33 64VAT-ID: PL-896-000-58-51REGON: P-000001614-33000000-55-1-811-93009 Location of the Department Main campus A2 building, \u0141ukasiewicza 2, 50-371 Wroc\u0142awMain campus A3 building, Smoluchowskiego 23, 50-372 Wroc\u0142aw [&#8230;]<\/p>\n<p><a class=\"btn btn-secondary understrap-read-more-link\" href=\"https:\/\/huckel.pl\/pl\/kontakt\/\">Czytaj wi\u0119cej&#8230;<\/a><\/p>\n","protected":false},"author":1,"featured_media":0,"parent":0,"menu_order":0,"comment_status":"closed","ping_status":"closed","template":"","meta":{"footnotes":""},"class_list":["post-806","page","type-page","status-publish","hentry"],"_links":{"self":[{"href":"https:\/\/huckel.pl\/pl\/wp-json\/wp\/v2\/pages\/806","targetHints":{"allow":["GET"]}}],"collection":[{"href":"https:\/\/huckel.pl\/pl\/wp-json\/wp\/v2\/pages"}],"about":[{"href":"https:\/\/huckel.pl\/pl\/wp-json\/wp\/v2\/types\/page"}],"author":[{"embeddable":true,"href":"https:\/\/huckel.pl\/pl\/wp-json\/wp\/v2\/users\/1"}],"replies":[{"embeddable":true,"href":"https:\/\/huckel.pl\/pl\/wp-json\/wp\/v2\/comments?post=806"}],"version-history":[{"count":1,"href":"https:\/\/huckel.pl\/pl\/wp-json\/wp\/v2\/pages\/806\/revisions"}],"predecessor-version":[{"id":807,"href":"https:\/\/huckel.pl\/pl\/wp-json\/wp\/v2\/pages\/806\/revisions\/807"}],"wp:attachment":[{"href":"https:\/\/huckel.pl\/pl\/wp-json\/wp\/v2\/media?parent=806"}],"curies":[{"name":"wp","href":"https:\/\/api.w.org\/{rel}","templated":true}]}}