{"id":832,"date":"2020-06-16T14:38:54","date_gmt":"2020-06-16T12:38:54","guid":{"rendered":"https:\/\/huckel.pl\/?page_id=832"},"modified":"2020-06-19T20:04:25","modified_gmt":"2020-06-19T18:04:25","slug":"o-nas","status":"publish","type":"page","link":"https:\/\/huckel.pl\/pl\/o-nas\/","title":{"rendered":"O nas"},"content":{"rendered":"\n<figure class=\"wp-block-image size-large\"><img loading=\"lazy\" decoding=\"async\" width=\"1024\" height=\"252\" src=\"https:\/\/huckel.pl\/wp-content\/uploads\/2020\/06\/team_2011_l-1024x252.jpg\" alt=\"\" class=\"wp-image-946\" srcset=\"https:\/\/huckel.pl\/wp-content\/uploads\/2020\/06\/team_2011_l-1024x252.jpg 1024w, https:\/\/huckel.pl\/wp-content\/uploads\/2020\/06\/team_2011_l-300x74.jpg 300w, https:\/\/huckel.pl\/wp-content\/uploads\/2020\/06\/team_2011_l-768x189.jpg 768w, https:\/\/huckel.pl\/wp-content\/uploads\/2020\/06\/team_2011_l-1536x378.jpg 1536w, https:\/\/huckel.pl\/wp-content\/uploads\/2020\/06\/team_2011_l-2048x503.jpg 2048w\" sizes=\"auto, (max-width: 1024px) 100vw, 1024px\" \/><figcaption>Zesp\u00f3\u0142 Chemii Teoretycznej (2011)<\/figcaption><\/figure>\n\n\n\n<h3 class=\"wp-block-heading\">Katedra Chemii Fizycznej i Kwantowej<\/h3>\n\n\n\n<p>Zesp\u00f3\u0142 Chemii Teoretycznej <a href=\"https:\/\/huckel.pl\/pl\/people\/wojciech-bartkowiak\/\">Profesora Bartkowiaka<\/a> powsta\u0142 w 2008 roku w ramach Instytutu Chemii Fizycznej i Teoretycznej. Instytut by\u0142 w\u00f3wczas jednostk\u0105 Wydzia\u0142u Chemii Politechniki Wroc\u0142awskiej. Instytut zosta\u0142 rozwi\u0105zany z dniem 1 stycznia 2015 r. W jego miejsce utworzono dwie mniejsze jednostki: Zak\u0142ad In\u017cynierii i Modelowania Materia\u0142\u00f3w Zaawansowanych oraz Zak\u0142ad Chemii Fizycznej i Kwantowej, przemianowane w 2019 na katedry.<\/p>\n\n\n\n<p>Katedra Chemii Fizycznej i Kwantowej sk\u0142ada si\u0119 obecnie z 21 pracownik\u00f3w naukowo-dydaktycznych o szerokim spektrum zainteresowa\u0144 naukowych z dziedziny chemii teoretycznej, fizycznej i organicznej, spektroskopii liniowej i nieliniowej, fizykochemii zwi\u0105zk\u00f3w powierzchniowo czynnych i koloid\u00f3w oraz materia\u0142oznawstwa.<\/p>\n\n\n\n<p><a href=\"https:\/\/huckel.pl\/pl\/people\/wojciech-bartkowiak\/\">Wojciech Bartkowiak<\/a> jest kierownikiem katedry i liderem grupy zajmuj\u0105cej si\u0119 teoretycznymi badaniami liniowych i nieliniowych w\u0142a\u015bciwo\u015bci elektrooptycznych uk\u0142ad\u00f3w molekularnych w ograniczeniu przestrzennym. Zainteresowania Urszuli Bazyli\u0144skiej dotycz\u0105 przede wszystkim uk\u0142ad\u00f3w zdyspergowanych i koncentruj\u0105 si\u0119 na surfaktantach, dyspersjach koloidalnych i preparatach nanostrukturalnych, o potencjalnych zastosowaniach w terapii i diagnostyce przeciwnowotworowej. Grupa fotochemii obliczeniowej <a href=\"https:\/\/huckel.pl\/pl\/people\/robert-gora\/\">Roberta G\u00f3ry<\/a> koncentruje si\u0119 na teoretycznych badaniach fotochemii i fotofizyki cz\u0105steczek organicznych, ze szczeg\u00f3lnym uwzgl\u0119dnieniem tych istotnych dla chemicznych pocz\u0105tk\u00f3w \u017cycia na Ziemi. Grupa Adama Kiersnowskiego specjalizuje si\u0119 w syntezie i analizie heterogenicznych film\u00f3w i pow\u0142ok organicznych, zw\u0142aszcza polimerowych w kontek\u015bcie elektroniki molekularnej. Badania prowadzone w laboratorium Tomasza Olszewskiego koncentruj\u0105 si\u0119 na syntezie, zar\u00f3wno w formie racemicznej, jak i optycznie aktywnej, nowych zwi\u0105zk\u00f3w fosforoorganicznych o okre\u015blonej aktywno\u015bci biologicznej i w\u0142a\u015bciwo\u015bciach fizykochemicznych. Krzysztof Strasburger pracuje nad formalizmem i zastosowaniem bezpo\u015brednio skorelowanych funkcji Gaussa z zastosowaniami do uk\u0142ad\u00f3w pozytonowych. Laboratorium chemii organicznej El\u017cbiety Wojaczy\u0144skiej koncentruje si\u0119 na stereoselektywnej syntezie uk\u0142ad\u00f3w heterocyklicznych i ich zastosowaniu w katalizie oraz jako zwi\u0105zk\u00f3w wykazuj\u0105cych po\u017c\u0105dan\u0105 aktywno\u015b\u0107 biologiczn\u0105, na przyk\u0142ad przeciwproliferacyjn\u0105 lub przeciwwirusow\u0105. Robert Zale\u015bny zajmuje si\u0119 przede wszystkim teoretycznym przewidywaniem z pierwszych zasad i interpretacj\u0105 widm liniowych i nieliniowych i wraz ze swoim zespo\u0142em opracowuje nowe protoko\u0142y obliczeniowe do symulacji takich widm.<\/p>\n\n\n\n<h3 class=\"wp-block-heading\">Historia i dziedzictwo<\/h3>\n\n\n\n<p>Na stronie <a href=\"https:\/\/huckel.pl\/pl\/archiwum\/\">Archiwum<\/a> zebrali\u015bmy materia\u0142y dotycz\u0105ce genezy, wydarze\u0144 historycznych, grup badawczych i tematyki naukowej realizowanej w dawnym Instytucie Chemii Fizycznej i Teoretycznej, kt\u00f3ry zosta\u0142 rozwi\u0105zany w 2014 roku, a kt\u00f3rego cz\u0119\u015bci\u0105 by\u0142a i nasza grupa badawcza. Materia\u0142 ten prowadzi nasz by\u0142y kolega emerytowany Profesor Ludwik Komorowski. Z oczywistych powod\u00f3w wi\u0119kszo\u015b\u0107 tych materia\u0142\u00f3w jest prezentowana w j\u0119zyku polskim.<\/p>\n","protected":false},"excerpt":{"rendered":"<p>Katedra Chemii Fizycznej i Kwantowej Zesp\u00f3\u0142 Chemii Teoretycznej Profesora Bartkowiaka powsta\u0142 w 2008 roku w ramach Instytutu Chemii Fizycznej i Teoretycznej. Instytut by\u0142 w\u00f3wczas jednostk\u0105 Wydzia\u0142u Chemii Politechniki Wroc\u0142awskiej. Instytut zosta\u0142 rozwi\u0105zany z dniem 1 stycznia 2015 r. W jego miejsce utworzono dwie mniejsze jednostki: Zak\u0142ad In\u017cynierii i Modelowania Materia\u0142\u00f3w Zaawansowanych oraz Zak\u0142ad Chemii Fizycznej [&#8230;]<\/p>\n<p><a class=\"btn btn-secondary understrap-read-more-link\" href=\"https:\/\/huckel.pl\/pl\/o-nas\/\">Czytaj wi\u0119cej&#8230;<\/a><\/p>\n","protected":false},"author":1,"featured_media":0,"parent":0,"menu_order":0,"comment_status":"closed","ping_status":"closed","template":"","meta":{"footnotes":""},"class_list":["post-832","page","type-page","status-publish","hentry"],"_links":{"self":[{"href":"https:\/\/huckel.pl\/pl\/wp-json\/wp\/v2\/pages\/832","targetHints":{"allow":["GET"]}}],"collection":[{"href":"https:\/\/huckel.pl\/pl\/wp-json\/wp\/v2\/pages"}],"about":[{"href":"https:\/\/huckel.pl\/pl\/wp-json\/wp\/v2\/types\/page"}],"author":[{"embeddable":true,"href":"https:\/\/huckel.pl\/pl\/wp-json\/wp\/v2\/users\/1"}],"replies":[{"embeddable":true,"href":"https:\/\/huckel.pl\/pl\/wp-json\/wp\/v2\/comments?post=832"}],"version-history":[{"count":5,"href":"https:\/\/huckel.pl\/pl\/wp-json\/wp\/v2\/pages\/832\/revisions"}],"predecessor-version":[{"id":954,"href":"https:\/\/huckel.pl\/pl\/wp-json\/wp\/v2\/pages\/832\/revisions\/954"}],"wp:attachment":[{"href":"https:\/\/huckel.pl\/pl\/wp-json\/wp\/v2\/media?parent=832"}],"curies":[{"name":"wp","href":"https:\/\/api.w.org\/{rel}","templated":true}]}}