{"id":930,"date":"2020-06-19T15:22:01","date_gmt":"2020-06-19T13:22:01","guid":{"rendered":"https:\/\/huckel.pl\/?page_id=930"},"modified":"2020-07-13T16:38:13","modified_gmt":"2020-07-13T14:38:13","slug":"archiwum","status":"publish","type":"page","link":"https:\/\/huckel.pl\/pl\/archiwum\/","title":{"rendered":"Archiwum"},"content":{"rendered":"\n<div class=\"wp-block-media-text alignwide is-stacked-on-mobile\"><figure class=\"wp-block-media-text__media\"><img loading=\"lazy\" decoding=\"async\" width=\"286\" height=\"176\" src=\"https:\/\/huckel.pl\/wp-content\/uploads\/2020\/07\/11.jpg\" alt=\"\" class=\"wp-image-1232\"\/><\/figure><div class=\"wp-block-media-text__content\">\n<p>Materia\u0142y archiwalne zebrane w tym miejscu dokumentuj\u0105 histori\u0119 fizykochemii w Politechnice Wroc\u0142awskiej, rozpocz\u0119t\u0105 w roku 1945 wraz z organizacj\u0105 polskich uczelni we Wroc\u0142awiu.<\/p>\n<\/div><\/div>\n\n\n\n<div class=\"wp-block-media-text alignwide has-media-on-the-right is-stacked-on-mobile\"><figure class=\"wp-block-media-text__media\"><img loading=\"lazy\" decoding=\"async\" width=\"270\" height=\"187\" src=\"https:\/\/huckel.pl\/wp-content\/uploads\/2020\/07\/12.jpg\" alt=\"\" class=\"wp-image-1234\"\/><\/figure><div class=\"wp-block-media-text__content\">\n<p>S\u0105 przekonywaj\u0105cym \u015bwiadectwem trud\u00f3w i sukces\u00f3w ludzi, dowodem rozwoju materialnego oraz intelektualnego, kt\u00f3ry tworzy podstawy dla pracy kolejnych pokole\u0144.<\/p>\n<\/div><\/div>\n","protected":false},"excerpt":{"rendered":"<p>Materia\u0142y archiwalne zebrane w tym miejscu dokumentuj\u0105 histori\u0119 fizykochemii w Politechnice Wroc\u0142awskiej, rozpocz\u0119t\u0105 w roku 1945 wraz z organizacj\u0105 polskich uczelni we Wroc\u0142awiu. S\u0105 przekonywaj\u0105cym \u015bwiadectwem trud\u00f3w i sukces\u00f3w ludzi, dowodem rozwoju materialnego oraz intelektualnego, kt\u00f3ry tworzy podstawy dla pracy kolejnych pokole\u0144. [&#8230;]<\/p>\n<p><a class=\"btn btn-secondary understrap-read-more-link\" href=\"https:\/\/huckel.pl\/pl\/archiwum\/\">Czytaj wi\u0119cej&#8230;<\/a><\/p>\n","protected":false},"author":5,"featured_media":0,"parent":0,"menu_order":0,"comment_status":"closed","ping_status":"closed","template":"","meta":{"footnotes":""},"class_list":["post-930","page","type-page","status-publish","hentry"],"_links":{"self":[{"href":"https:\/\/huckel.pl\/pl\/wp-json\/wp\/v2\/pages\/930","targetHints":{"allow":["GET"]}}],"collection":[{"href":"https:\/\/huckel.pl\/pl\/wp-json\/wp\/v2\/pages"}],"about":[{"href":"https:\/\/huckel.pl\/pl\/wp-json\/wp\/v2\/types\/page"}],"author":[{"embeddable":true,"href":"https:\/\/huckel.pl\/pl\/wp-json\/wp\/v2\/users\/5"}],"replies":[{"embeddable":true,"href":"https:\/\/huckel.pl\/pl\/wp-json\/wp\/v2\/comments?post=930"}],"version-history":[{"count":3,"href":"https:\/\/huckel.pl\/pl\/wp-json\/wp\/v2\/pages\/930\/revisions"}],"predecessor-version":[{"id":1239,"href":"https:\/\/huckel.pl\/pl\/wp-json\/wp\/v2\/pages\/930\/revisions\/1239"}],"wp:attachment":[{"href":"https:\/\/huckel.pl\/pl\/wp-json\/wp\/v2\/media?parent=930"}],"curies":[{"name":"wp","href":"https:\/\/api.w.org\/{rel}","templated":true}]}}